{"id":2326,"date":"2022-11-15T14:53:54","date_gmt":"2022-11-15T19:53:54","guid":{"rendered":"https:\/\/paultaillefer.ca\/?page_id=2326"},"modified":"2022-11-15T14:55:13","modified_gmt":"2022-11-15T19:55:13","slug":"contact-test","status":"publish","type":"page","link":"https:\/\/paultaillefer.ca\/en\/contact-test\/","title":{"rendered":"(Fran\u00e7ais) Contact TEST"},"content":{"rendered":"<p class=\"qtranxs-available-languages-message qtranxs-available-languages-message-en\">Sorry, this entry is only available in <a href=\"https:\/\/paultaillefer.ca\/fr\/wp-json\/wp\/v2\/pages\/2326\" class=\"qtranxs-available-language-link qtranxs-available-language-link-fr\" title=\"Fran\u00e7ais\">Fran\u00e7ais<\/a>.<\/p>","protected":false},"excerpt":{"rendered":"<p>Sorry, this entry is only available in Fran\u00e7ais.<\/p>\n","protected":false},"author":121,"featured_media":0,"parent":0,"menu_order":0,"comment_status":"closed","ping_status":"closed","template":"page-fullwidth.php","meta":{"_acf_changed":false,"footnotes":""},"class_list":["post-2326","page","type-page","status-publish","hentry"],"acf":[],"yoast_head":"<!-- This site is optimized with the Yoast SEO plugin v26.7 - https:\/\/yoast.com\/wordpress\/plugins\/seo\/ -->\n<title>(Fran\u00e7ais) Contact TEST - Paul Taillefer - Remax Qu\u00e9bec<\/title>\n<meta name=\"robots\" content=\"index, follow, max-snippet:-1, max-image-preview:large, max-video-preview:-1\" \/>\n<link rel=\"canonical\" href=\"https:\/\/paultaillefer.ca\/en\/contact-test\/\" \/>\n<meta property=\"og:locale\" content=\"en_US\" \/>\n<meta property=\"og:type\" content=\"article\" \/>\n<meta property=\"og:title\" content=\"(Fran\u00e7ais) Contact TEST - Paul Taillefer - Remax Qu\u00e9bec\" \/>\n<meta property=\"og:description\" content=\"Sorry, this entry is only available in Fran\u00e7ais.\" \/>\n<meta property=\"og:url\" content=\"https:\/\/paultaillefer.ca\/en\/contact-test\/\" \/>\n<meta property=\"og:site_name\" content=\"Paul Taillefer - Remax Qu\u00e9bec\" \/>\n<meta property=\"article:publisher\" content=\"https:\/\/www.facebook.com\/PaulTailleferCourtierImmobilier\/\" \/>\n<meta property=\"article:modified_time\" content=\"2022-11-15T19:55:13+00:00\" \/>\n<meta name=\"twitter:card\" content=\"summary_large_image\" \/>\n<meta name=\"twitter:site\" content=\"@TailleferPaul2\" \/>\n<script type=\"application\/ld+json\" class=\"yoast-schema-graph\">{\"@context\":\"https:\/\/schema.org\",\"@graph\":[{\"@type\":\"WebPage\",\"@id\":\"https:\/\/paultaillefer.ca\/en\/contact-test\/\",\"url\":\"https:\/\/paultaillefer.ca\/en\/contact-test\/\",\"name\":\"[:fr]Contact TEST[:] - Paul Taillefer - Remax Qu\u00e9bec\",\"isPartOf\":{\"@id\":\"https:\/\/paultaillefer.ca\/#website\"},\"datePublished\":\"2022-11-15T19:53:54+00:00\",\"dateModified\":\"2022-11-15T19:55:13+00:00\",\"breadcrumb\":{\"@id\":\"https:\/\/paultaillefer.ca\/en\/contact-test\/#breadcrumb\"},\"inLanguage\":\"en-US\",\"potentialAction\":[{\"@type\":\"ReadAction\",\"target\":[\"https:\/\/paultaillefer.ca\/en\/contact-test\/\"]}]},{\"@type\":\"BreadcrumbList\",\"@id\":\"https:\/\/paultaillefer.ca\/en\/contact-test\/#breadcrumb\",\"itemListElement\":[{\"@type\":\"ListItem\",\"position\":1,\"name\":\"Accueil\",\"item\":\"https:\/\/paultaillefer.ca\/\"},{\"@type\":\"ListItem\",\"position\":2,\"name\":\"(Fran\u00e7ais) Contact TEST\"}]},{\"@type\":\"WebSite\",\"@id\":\"https:\/\/paultaillefer.ca\/#website\",\"url\":\"https:\/\/paultaillefer.ca\/\",\"name\":\"Paul Taillefer - Remax Qu\u00e9bec\",\"description\":\"Real Estate Broker\",\"potentialAction\":[{\"@type\":\"SearchAction\",\"target\":{\"@type\":\"EntryPoint\",\"urlTemplate\":\"https:\/\/paultaillefer.ca\/?s={search_term_string}\"},\"query-input\":{\"@type\":\"PropertyValueSpecification\",\"valueRequired\":true,\"valueName\":\"search_term_string\"}}],\"inLanguage\":\"en-US\"}]}<\/script>\n<!-- \/ Yoast SEO plugin. -->","yoast_head_json":{"title":"(Fran\u00e7ais) Contact TEST - Paul Taillefer - Remax Qu\u00e9bec","robots":{"index":"index","follow":"follow","max-snippet":"max-snippet:-1","max-image-preview":"max-image-preview:large","max-video-preview":"max-video-preview:-1"},"canonical":"https:\/\/paultaillefer.ca\/en\/contact-test\/","og_locale":"en_US","og_type":"article","og_title":"(Fran\u00e7ais) Contact TEST - Paul Taillefer - Remax Qu\u00e9bec","og_description":"Sorry, this entry is only available in Fran\u00e7ais.","og_url":"https:\/\/paultaillefer.ca\/en\/contact-test\/","og_site_name":"Paul Taillefer - Remax Qu\u00e9bec","article_publisher":"https:\/\/www.facebook.com\/PaulTailleferCourtierImmobilier\/","article_modified_time":"2022-11-15T19:55:13+00:00","twitter_card":"summary_large_image","twitter_site":"@TailleferPaul2","schema":{"@context":"https:\/\/schema.org","@graph":[{"@type":"WebPage","@id":"https:\/\/paultaillefer.ca\/en\/contact-test\/","url":"https:\/\/paultaillefer.ca\/en\/contact-test\/","name":"[:fr]Contact TEST[:] - Paul Taillefer - Remax Qu\u00e9bec","isPartOf":{"@id":"https:\/\/paultaillefer.ca\/#website"},"datePublished":"2022-11-15T19:53:54+00:00","dateModified":"2022-11-15T19:55:13+00:00","breadcrumb":{"@id":"https:\/\/paultaillefer.ca\/en\/contact-test\/#breadcrumb"},"inLanguage":"en-US","potentialAction":[{"@type":"ReadAction","target":["https:\/\/paultaillefer.ca\/en\/contact-test\/"]}]},{"@type":"BreadcrumbList","@id":"https:\/\/paultaillefer.ca\/en\/contact-test\/#breadcrumb","itemListElement":[{"@type":"ListItem","position":1,"name":"Accueil","item":"https:\/\/paultaillefer.ca\/"},{"@type":"ListItem","position":2,"name":"(Fran\u00e7ais) Contact TEST"}]},{"@type":"WebSite","@id":"https:\/\/paultaillefer.ca\/#website","url":"https:\/\/paultaillefer.ca\/","name":"Paul Taillefer - Remax Qu\u00e9bec","description":"Real Estate Broker","potentialAction":[{"@type":"SearchAction","target":{"@type":"EntryPoint","urlTemplate":"https:\/\/paultaillefer.ca\/?s={search_term_string}"},"query-input":{"@type":"PropertyValueSpecification","valueRequired":true,"valueName":"search_term_string"}}],"inLanguage":"en-US"}]}},"_links":{"self":[{"href":"https:\/\/paultaillefer.ca\/en\/wp-json\/wp\/v2\/pages\/2326","targetHints":{"allow":["GET"]}}],"collection":[{"href":"https:\/\/paultaillefer.ca\/en\/wp-json\/wp\/v2\/pages"}],"about":[{"href":"https:\/\/paultaillefer.ca\/en\/wp-json\/wp\/v2\/types\/page"}],"author":[{"embeddable":true,"href":"https:\/\/paultaillefer.ca\/en\/wp-json\/wp\/v2\/users\/121"}],"replies":[{"embeddable":true,"href":"https:\/\/paultaillefer.ca\/en\/wp-json\/wp\/v2\/comments?post=2326"}],"version-history":[{"count":1,"href":"https:\/\/paultaillefer.ca\/en\/wp-json\/wp\/v2\/pages\/2326\/revisions"}],"predecessor-version":[{"id":2327,"href":"https:\/\/paultaillefer.ca\/en\/wp-json\/wp\/v2\/pages\/2326\/revisions\/2327"}],"wp:attachment":[{"href":"https:\/\/paultaillefer.ca\/en\/wp-json\/wp\/v2\/media?parent=2326"}],"curies":[{"name":"wp","href":"https:\/\/api.w.org\/{rel}","templated":true}]}}